{"id":164,"date":"2020-04-27T20:06:15","date_gmt":"2020-04-27T18:06:15","guid":{"rendered":"http:\/\/ego-acconciature-relax.com\/?page_id=164"},"modified":"2025-01-09T10:38:02","modified_gmt":"2025-01-09T09:38:02","slug":"servizio-tricologia-ego","status":"publish","type":"page","link":"https:\/\/ego-acconciature-relax.com\/index.php\/servizio-tricologia-ego\/","title":{"rendered":"Tricologia"},"content":{"rendered":"<p>[et_pb_section fb_built=&#8221;1&#8243; _builder_version=&#8221;4.4.3&#8243; background_color=&#8221;#FFFFFF&#8221; locked=&#8221;off&#8221; global_colors_info=&#8221;{}&#8221;][et_pb_row _builder_version=&#8221;4.4.3&#8243; custom_padding=&#8221;||2px|||&#8221; global_colors_info=&#8221;{}&#8221;][et_pb_column type=&#8221;4_4&#8243; _builder_version=&#8221;4.4.3&#8243; global_colors_info=&#8221;{}&#8221;][et_pb_text _builder_version=&#8221;4.10.6&#8243; text_font=&#8221;Raleway|300|||||||&#8221; text_text_color=&#8221;#6b6b6b&#8221; text_font_size=&#8221;17px&#8221; text_line_height=&#8221;1.6em&#8221; header_font=&#8221;Raleway|700|||||||&#8221; header_text_color=&#8221;#141123&#8243; custom_margin=&#8221;||10px||false|false&#8221; global_colors_info=&#8221;{}&#8221;]<\/p>\n<h1 style=\"color: #403838 !important; font-size: 30pt; font-weight: 600; padding-bottom: 25px;\">Tricologia<\/h1>\n<p>Dal greco antico trikhos (pelo, capello) e logos (discorso, studio), la tricologia \u00e8 una disciplina indirizzata allo studio dei capelli, del cuoio capelluto, delle anomalie e delle patologie che sono legate ad essi.<br \/>Presso il nostro Salone troverai servizi di Tricologia Avanzata che, grazie ad una prima consulenza con una microcamera in cui valutiamo lo stato di salute del tuo capello, ti permetteranno di rinnovare il benessere dei tuoi capelli, mediante un percorso personalizzato in base alle tue esigenze. Ad esempio, se soffri di perdita di capelli, scegliere i nostri servizi di Tricologia Avanzata \u00e8 la scelta migliore che puoi fare.<br \/>La caduta dei capelli \u00e8 un naturale ricambio fisiologico, per\u00f2 in alcuni casi pu\u00f2 essere persistente e generare difficolt\u00e0 di ricrescita, incidendo sulla salute dei capelli causando perdita di lucentezza e tenuta del colore.<\/p>\n<p>In particolare, consigliamo i servizi di Tricologia Avanzata a chi soffre di queste problematiche:<br \/>\u2022 <strong>Cute secca<\/strong><br \/><strong>\u2022 Cute grassa o iperidros<\/strong><br \/><strong>\u2022 Forfora secca<\/strong><br \/><strong>\u2022 Forfora grassa<\/strong><br \/><strong>\u2022 Psoriasi<\/strong><br \/><strong>\u2022 Caduta dei capelli<\/strong><\/p>\n<p>[\/et_pb_text][\/et_pb_column][\/et_pb_row][et_pb_row _builder_version=&#8221;4.10.6&#8243; custom_padding=&#8221;3px|||||&#8221; hover_enabled=&#8221;0&#8243; global_colors_info=&#8221;{}&#8221; sticky_enabled=&#8221;0&#8243;][et_pb_column type=&#8221;4_4&#8243; _builder_version=&#8221;4.4.3&#8243; global_colors_info=&#8221;{}&#8221;][et_pb_text _builder_version=&#8221;4.10.6&#8243; text_font=&#8221;Raleway|300|||||||&#8221; text_font_size=&#8221;17px&#8221; text_line_height=&#8221;1.6em&#8221; custom_margin=&#8221;30px||||false|false&#8221; global_colors_info=&#8221;{}&#8221;]<\/p>\n<h4 style=\"color: #403838 !important; font-size: 17pt; font-weight: 600; padding-bottom: 25px;\">In che cosa consistono i nostri servizi di Tricologia Avanzata?<\/h4>\n<p>Per ogni percorso personalizzato ci sar\u00e0 un\u2019unione, in un\u2019unica sinergia, di prodotti naturali, oli essenziali e trattamenti.<br \/>In particolare affianchiamo il nostro servizio all\u2019ossigenoterapia, un trattamento cutaneo a base di ossigeno iperbarico che va a stimolare e migliorare il funzionamento della micro-circolazione sanguigna e linfatica, potenziando l\u2019azione detossinante della cute.<br \/>Al fine, poi, di stimolare ancora di pi\u00f9 la microcircolazione andiamo ad effettuare un massaggio olistico durante il trattamento.<\/p>\n<p>[\/et_pb_text][\/et_pb_column][\/et_pb_row][et_pb_row _builder_version=&#8221;4.4.3&#8243; custom_padding=&#8221;||2px|||&#8221; global_colors_info=&#8221;{}&#8221;][et_pb_column type=&#8221;4_4&#8243; _builder_version=&#8221;4.4.3&#8243; global_colors_info=&#8221;{}&#8221;][et_pb_text _builder_version=&#8221;4.10.6&#8243; text_font=&#8221;Raleway|300|||||||&#8221; text_text_color=&#8221;#6b6b6b&#8221; text_font_size=&#8221;17px&#8221; text_line_height=&#8221;1.6em&#8221; header_font=&#8221;Raleway|700|||||||&#8221; header_text_color=&#8221;#141123&#8243; custom_margin=&#8221;||10px||false|false&#8221; global_colors_info=&#8221;{}&#8221;]<\/p>\n<p>Un momento di relax per te e un\u2019azione mirata per la tua cute in cui andremo ad agire per raggiungere il nostro pi\u00f9 grande obiettivo: garantire il Benessere dei tuoi capelli.<\/p>\n<p>Utilizziamo prodotti naturali e sinergie di olii essenziali a cui affianchiamo l\u2019ossigenoteraria, un trattamento cutaneo a base di ossigeno iperbarico che stimola e migliora il funzionamento della micro-circolazione sanguinea e linfatica potenziando l\u2019azione detossinante della cute. Per rilassare la cute e stimolare ulteriormente la microcircolazione effettuiamo un massaggio olistico durante i trattamenti descritti in precedenza.<br \/>Per noi \u00e8 importante prenderci cura del tuo stile partendo dal tuo benessere.<\/p>\n<p>[\/et_pb_text][\/et_pb_column][\/et_pb_row][et_pb_row _builder_version=&#8221;4.4.3&#8243; global_colors_info=&#8221;{}&#8221;][et_pb_column type=&#8221;4_4&#8243; _builder_version=&#8221;4.4.3&#8243; global_colors_info=&#8221;{}&#8221;][et_pb_cta button_url=&#8221;tel:0119716157&#8243; button_text=&#8221;PRENOTA UNA CONSULENZA&#8221; _builder_version=&#8221;4.10.6&#8243; use_background_color=&#8221;off&#8221; custom_button=&#8221;on&#8221; button_text_size=&#8221;15px&#8221; button_text_color=&#8221;#ffffff&#8221; button_bg_color=&#8221;#c5bab5&#8243; button_border_width=&#8221;0px&#8221; button_border_color=&#8221;#ffffff&#8221; button_border_radius=&#8221;10px&#8221; button_icon=&#8221;%%264%%&#8221; button_alignment=&#8221;left&#8221; button_alignment_tablet=&#8221;&#8221; button_alignment_phone=&#8221;center&#8221; button_alignment_last_edited=&#8221;on|desktop&#8221; saved_tabs=&#8221;all&#8221; global_colors_info=&#8221;{}&#8221;][\/et_pb_cta][\/et_pb_column][\/et_pb_row][\/et_pb_section][et_pb_section fb_built=&#8221;1&#8243; _builder_version=&#8221;4.4.3&#8243; global_module=&#8221;686&#8243; saved_tabs=&#8221;all&#8221; global_colors_info=&#8221;{}&#8221;][et_pb_row use_custom_gutter=&#8221;on&#8221; gutter_width=&#8221;2&#8243; make_equal=&#8221;on&#8221; _builder_version=&#8221;4.10.6&#8243; width=&#8221;100%&#8221; max_width=&#8221;100%&#8221; global_colors_info=&#8221;{}&#8221;][et_pb_column type=&#8221;4_4&#8243; _builder_version=&#8221;4.4.3&#8243; global_colors_info=&#8221;{}&#8221;][et_pb_gallery gallery_ids=&#8221;630,632,634,635&#8243; show_title_and_caption=&#8221;off&#8221; show_pagination=&#8221;off&#8221; zoom_icon_color=&#8221;#ffffff&#8221; hover_overlay_color=&#8221;rgba(20,17,35,0.73)&#8221; hover_icon=&#8221;%%15%%&#8221; _builder_version=&#8221;4.10.6&#8243; global_colors_info=&#8221;{}&#8221;][\/et_pb_gallery][\/et_pb_column][\/et_pb_row][\/et_pb_section][et_pb_section fb_built=&#8221;1&#8243; prev_background_color=&#8221;#ffffff&#8221; _builder_version=&#8221;4.10.6&#8243; background_image=&#8221;https:\/\/ego-acconciature-relax.com\/wp-content\/uploads\/2023\/05\/tricologia_homeok.jpg&#8221; parallax=&#8221;on&#8221; min_height=&#8221;500px&#8221; min_height_tablet=&#8221;&#8221; min_height_phone=&#8221;300px&#8221; min_height_last_edited=&#8221;on|phone&#8221; top_divider_style=&#8221;wave&#8221; top_divider_height=&#8221;50px&#8221; background_last_edited=&#8221;on|phone&#8221; background_image_phone=&#8221;https:\/\/ego-acconciature-relax.com\/wp-content\/uploads\/2023\/05\/tricologia_mobile.jpg&#8221; background_enable_image_phone=&#8221;on&#8221; locked=&#8221;off&#8221; global_colors_info=&#8221;{}&#8221;][\/et_pb_section]<\/p>\n","protected":false},"excerpt":{"rendered":"<p>Tricologia Dal greco antico trikhos (pelo, capello) e logos (discorso, studio), la tricologia \u00e8 una disciplina indirizzata allo studio dei capelli, del cuoio capelluto, delle anomalie e delle patologie che sono legate ad essi.Presso il nostro Salone troverai servizi di Tricologia Avanzata che, grazie ad una prima consulenza con una microcamera in cui valutiamo lo [&hellip;]<\/p>\n","protected":false},"author":1,"featured_media":0,"parent":0,"menu_order":0,"comment_status":"closed","ping_status":"closed","template":"","meta":{"_et_pb_use_builder":"on","_et_pb_old_content":"<!-- wp:divi\/placeholder \/-->","_et_gb_content_width":""},"yoast_head":"<!-- This site is optimized with the Yoast SEO plugin v14.3 - https:\/\/yoast.com\/wordpress\/plugins\/seo\/ -->\n<title>Servizio Tricologia - Ego Acconciature e Relax Carmagnola (TO)<\/title>\n<meta name=\"description\" content=\"Il nostro salone offre il servizio di tricologia avanzata effettuando una consulenza che ci permette di evidenziare le anomalie del cuoio capelluto.\" \/>\n<meta name=\"robots\" content=\"index, follow\" \/>\n<meta name=\"googlebot\" content=\"index, follow, max-snippet:-1, max-image-preview:large, max-video-preview:-1\" \/>\n<meta name=\"bingbot\" content=\"index, follow, max-snippet:-1, max-image-preview:large, max-video-preview:-1\" \/>\n<link rel=\"canonical\" href=\"https:\/\/ego-acconciature-relax.com\/index.php\/servizio-tricologia-ego\/\" \/>\n<meta property=\"og:locale\" content=\"it_IT\" \/>\n<meta property=\"og:type\" content=\"article\" \/>\n<meta property=\"og:title\" content=\"Servizio Tricologia - Ego Acconciature e Relax Carmagnola (TO)\" \/>\n<meta property=\"og:description\" content=\"Il nostro salone offre il servizio di tricologia avanzata effettuando una consulenza che ci permette di evidenziare le anomalie del cuoio capelluto.\" \/>\n<meta property=\"og:url\" content=\"https:\/\/ego-acconciature-relax.com\/index.php\/servizio-tricologia-ego\/\" \/>\n<meta property=\"og:site_name\" content=\"Ego Acconciature e Relax\" \/>\n<meta property=\"article:publisher\" content=\"https:\/\/www.facebook.com\/EgoAcconciatureRelax\/\" \/>\n<meta property=\"article:modified_time\" content=\"2025-01-09T09:38:02+00:00\" \/>\n<meta property=\"og:image\" content=\"https:\/\/ego-acconciature-relax.com\/wp-content\/uploads\/2020\/04\/Logo_Ego_sito_esteso.png\" \/>\n\t<meta property=\"og:image:width\" content=\"140\" \/>\n\t<meta property=\"og:image:height\" content=\"65\" \/>\n<meta name=\"twitter:card\" content=\"summary_large_image\" \/>\n<script type=\"application\/ld+json\" class=\"yoast-schema-graph\">{\"@context\":\"https:\/\/schema.org\",\"@graph\":[{\"@type\":\"Organization\",\"@id\":\"https:\/\/ego-acconciature-relax.com\/#organization\",\"name\":\"Ego Acconciature e Relax\",\"url\":\"https:\/\/ego-acconciature-relax.com\/\",\"sameAs\":[\"https:\/\/www.facebook.com\/EgoAcconciatureRelax\/\",\"https:\/\/www.instagram.com\/ego.acconciature.relax\/\",\"https:\/\/www.youtube.com\/channel\/UCNcQd1HD0UK59EyfZuTbk3Q\"],\"logo\":{\"@type\":\"ImageObject\",\"@id\":\"https:\/\/ego-acconciature-relax.com\/#logo\",\"inLanguage\":\"it-IT\",\"url\":\"https:\/\/ego-acconciature-relax.com\/wp-content\/uploads\/2020\/04\/Logo_Ego_sito_esteso.png\",\"width\":140,\"height\":65,\"caption\":\"Ego Acconciature e Relax\"},\"image\":{\"@id\":\"https:\/\/ego-acconciature-relax.com\/#logo\"}},{\"@type\":\"WebSite\",\"@id\":\"https:\/\/ego-acconciature-relax.com\/#website\",\"url\":\"https:\/\/ego-acconciature-relax.com\/\",\"name\":\"Ego Acconciature e Relax\",\"description\":\"\",\"publisher\":{\"@id\":\"https:\/\/ego-acconciature-relax.com\/#organization\"},\"potentialAction\":[{\"@type\":\"SearchAction\",\"target\":\"https:\/\/ego-acconciature-relax.com\/?s={search_term_string}\",\"query-input\":\"required name=search_term_string\"}],\"inLanguage\":\"it-IT\"},{\"@type\":\"WebPage\",\"@id\":\"https:\/\/ego-acconciature-relax.com\/index.php\/servizio-tricologia-ego\/#webpage\",\"url\":\"https:\/\/ego-acconciature-relax.com\/index.php\/servizio-tricologia-ego\/\",\"name\":\"Servizio Tricologia - Ego Acconciature e Relax Carmagnola (TO)\",\"isPartOf\":{\"@id\":\"https:\/\/ego-acconciature-relax.com\/#website\"},\"datePublished\":\"2020-04-27T18:06:15+00:00\",\"dateModified\":\"2025-01-09T09:38:02+00:00\",\"description\":\"Il nostro salone offre il servizio di tricologia avanzata effettuando una consulenza che ci permette di evidenziare le anomalie del cuoio capelluto.\",\"inLanguage\":\"it-IT\",\"potentialAction\":[{\"@type\":\"ReadAction\",\"target\":[\"https:\/\/ego-acconciature-relax.com\/index.php\/servizio-tricologia-ego\/\"]}]}]}<\/script>\n<!-- \/ Yoast SEO plugin. -->","_links":{"self":[{"href":"https:\/\/ego-acconciature-relax.com\/index.php\/wp-json\/wp\/v2\/pages\/164"}],"collection":[{"href":"https:\/\/ego-acconciature-relax.com\/index.php\/wp-json\/wp\/v2\/pages"}],"about":[{"href":"https:\/\/ego-acconciature-relax.com\/index.php\/wp-json\/wp\/v2\/types\/page"}],"author":[{"embeddable":true,"href":"https:\/\/ego-acconciature-relax.com\/index.php\/wp-json\/wp\/v2\/users\/1"}],"replies":[{"embeddable":true,"href":"https:\/\/ego-acconciature-relax.com\/index.php\/wp-json\/wp\/v2\/comments?post=164"}],"version-history":[{"count":22,"href":"https:\/\/ego-acconciature-relax.com\/index.php\/wp-json\/wp\/v2\/pages\/164\/revisions"}],"predecessor-version":[{"id":914,"href":"https:\/\/ego-acconciature-relax.com\/index.php\/wp-json\/wp\/v2\/pages\/164\/revisions\/914"}],"wp:attachment":[{"href":"https:\/\/ego-acconciature-relax.com\/index.php\/wp-json\/wp\/v2\/media?parent=164"}],"curies":[{"name":"wp","href":"https:\/\/api.w.org\/{rel}","templated":true}]}}