{"id":729,"date":"2023-05-26T16:21:04","date_gmt":"2023-05-26T14:21:04","guid":{"rendered":"https:\/\/ego-acconciature-relax.com\/?page_id=729"},"modified":"2025-01-30T18:01:11","modified_gmt":"2025-01-30T17:01:11","slug":"team","status":"publish","type":"page","link":"https:\/\/ego-acconciature-relax.com\/index.php\/team\/","title":{"rendered":"Team"},"content":{"rendered":"<p>[et_pb_section fb_built=&#8221;1&#8243; _builder_version=&#8221;4.4.3&#8243; background_color=&#8221;#FFFFFF&#8221; locked=&#8221;off&#8221; global_colors_info=&#8221;{}&#8221;][et_pb_row column_structure=&#8221;1_2,1_2&#8243; _builder_version=&#8221;4.10.6&#8243; global_colors_info=&#8221;{}&#8221;][et_pb_column type=&#8221;1_2&#8243; _builder_version=&#8221;4.4.3&#8243; global_colors_info=&#8221;{}&#8221;][et_pb_text _builder_version=&#8221;4.10.6&#8243; text_font=&#8221;Raleway|300|||||||&#8221; text_text_color=&#8221;#565656&#8243; text_font_size=&#8221;17px&#8221; text_line_height=&#8221;1.6em&#8221; header_font=&#8221;Raleway|700|||||||&#8221; header_text_color=&#8221;#141123&#8243; text_orientation=&#8221;justified&#8221; global_colors_info=&#8221;{}&#8221;]<\/p>\n<h1 style=\"color: #403838 !important; font-size: 30pt; font-weight: 600; padding-bottom: 25px;\">Sofia<\/h1>\n<p><strong>Mi chiamo Sofia Passarello, e da 10 anni mi impegno a rendere felici le donne e ora vi racconter\u00f2 com\u2019\u00e8 nato il mio sogno.<\/strong><br \/>Fin da piccola ho sempre provato attrazione per i capelli, i suoi colori e le sue forme. Nel corso degli anni ci\u00f2 che mi ha fatto credere di essere nata per questo \u00e8 il sorriso sul volto delle clienti a fine di ogni mio lavoro. La mia passione mi lega a questa professione ed \u00e8 proprio per questo che mi sono specializzata nella cura del benessere di cute e capelli. <br \/>Sono sempre stata molto curiosa di scoprire le novit\u00e0 che riguardano la cura dei capelli, con prodotti di alta qualit\u00e0 e trattamenti innovativi, elementi fondamentali per caratterizzare al meglio la mia filosofia all&#8217;interno del salone. <br \/>La costante formazione mia e del mio staff ci ha aiutato ad approfondire nello specifico l&#8217;area colore. Al fine di evidenziare la tua personalit\u00e0 e la salute del tuo capello nasce <strong>\u201cColor life\u201d<\/strong> la nostra tecnica evolutiva di colorare e ricostruire il capello. La tecnologia del prodotto crea davvero la differenza nei risultati e nella durata del lavoro tecnico.<\/p>\n<p><strong>Essere parrucchiere per me e avere la possibilit\u00e0 di regalare bellezza e benessere a chi decide di scegliermi.<\/strong><\/p>\n<p>&nbsp;<\/p>\n<p>&nbsp;<\/p>\n<p>&nbsp;<\/p>\n<p>[\/et_pb_text][\/et_pb_column][et_pb_column type=&#8221;1_2&#8243; _builder_version=&#8221;4.4.3&#8243; global_colors_info=&#8221;{}&#8221;][et_pb_gallery gallery_ids=&#8221;876&#8243; fullwidth=&#8221;on&#8221; _builder_version=&#8221;4.10.6&#8243; custom_margin=&#8221;||-25px|||&#8221; auto=&#8221;on&#8221; auto_speed=&#8221;2000&#8243; border_radii=&#8221;on|20px|20px|20px|20px&#8221; global_colors_info=&#8221;{}&#8221;][\/et_pb_gallery][\/et_pb_column][\/et_pb_row][\/et_pb_section][et_pb_section fb_built=&#8221;1&#8243; _builder_version=&#8221;4.4.3&#8243; background_color=&#8221;#FFFFFF&#8221; locked=&#8221;off&#8221; global_colors_info=&#8221;{}&#8221;][et_pb_row column_structure=&#8221;1_4,3_4&#8243; _builder_version=&#8221;4.10.6&#8243; global_colors_info=&#8221;{}&#8221;][et_pb_column type=&#8221;1_4&#8243; _builder_version=&#8221;4.4.3&#8243; global_colors_info=&#8221;{}&#8221;][et_pb_gallery gallery_ids=&#8221;741&#8243; fullwidth=&#8221;on&#8221; _builder_version=&#8221;4.10.6&#8243; auto=&#8221;on&#8221; auto_speed=&#8221;2000&#8243; border_radii=&#8221;on|20px|20px|20px|20px&#8221; global_colors_info=&#8221;{}&#8221;][\/et_pb_gallery][\/et_pb_column][et_pb_column type=&#8221;3_4&#8243; _builder_version=&#8221;4.4.3&#8243; global_colors_info=&#8221;{}&#8221;][et_pb_text _builder_version=&#8221;4.10.6&#8243; text_font=&#8221;Raleway|300|||||||&#8221; text_text_color=&#8221;#565656&#8243; text_font_size=&#8221;17px&#8221; text_line_height=&#8221;1.6em&#8221; header_font=&#8221;Raleway|700|||||||&#8221; header_text_color=&#8221;#141123&#8243; text_orientation=&#8221;justified&#8221; global_colors_info=&#8221;{}&#8221;]<\/p>\n<h1 style=\"color: #403838 !important; font-size: 23pt; font-weight: 600; padding-bottom: 25px;\">Chiara<\/h1>\n<p><strong>Mi chiamo Chiara e sono 11 anni che lavoro come receptionista da Ego Acconciature &amp; Relax.<\/strong>\u00a0 <strong>Sono la voce che sentite al telefono ogni volta che chiamate e sono anche il primo sorriso che vi accoglie quando varcate le porte del Salone.<\/strong><br \/>Infatti il mio compito \u00e8 quello di organizzare gli appuntamenti e di accogliere i clienti.<br \/>Sono davvero tanti anni che collaboro con un team di Parrucchiere.<br \/>Un Team che lavora con passione e con il cuore, cos\u00ec tanto da emozionare anche me quando sono felici per un lavoro svolto con successo.<br \/>Lavorare al loro fianco mi ha permesso di capire quanto il loro ruolo non sia un semplice tagliare, lavare e colorare capelli, ma molto di pi\u00f9.<br \/><strong>\u00c8 donare Bellezza e Benessere, ed \u00e8 per me un vero onore essere al loro fianco, con il fine di assicurarci sempre la felicit\u00e0 delle persone che scelgono di entrare nel Salone.<\/strong><\/p>\n<p>[\/et_pb_text][\/et_pb_column][\/et_pb_row][et_pb_row column_structure=&#8221;1_4,3_4&#8243; _builder_version=&#8221;4.10.6&#8243; global_colors_info=&#8221;{}&#8221;][et_pb_column type=&#8221;1_4&#8243; _builder_version=&#8221;4.4.3&#8243; global_colors_info=&#8221;{}&#8221;][et_pb_gallery gallery_ids=&#8221;742&#8243; fullwidth=&#8221;on&#8221; _builder_version=&#8221;4.10.6&#8243; auto=&#8221;on&#8221; auto_speed=&#8221;2000&#8243; border_radii=&#8221;on|20px|20px|20px|20px&#8221; global_colors_info=&#8221;{}&#8221;][\/et_pb_gallery][\/et_pb_column][et_pb_column type=&#8221;3_4&#8243; _builder_version=&#8221;4.4.3&#8243; global_colors_info=&#8221;{}&#8221;][et_pb_text _builder_version=&#8221;4.10.6&#8243; text_font=&#8221;Raleway|300|||||||&#8221; text_text_color=&#8221;#565656&#8243; text_font_size=&#8221;17px&#8221; text_line_height=&#8221;1.6em&#8221; header_font=&#8221;Raleway|700|||||||&#8221; header_text_color=&#8221;#141123&#8243; text_orientation=&#8221;justified&#8221; global_colors_info=&#8221;{}&#8221;]<\/p>\n<h1 style=\"color: #403838 !important; font-size: 23pt; font-weight: 600; padding-bottom: 25px;\">Giorgia<\/h1>\n<p>Il mio amore per i capelli \u00e8 nato quando avevo 16 anni.<br \/>Ho notato, da subito, che svolgere la mansione di Parrucchiera mi veniva facile, quasi come se fosse scolpita nelle mie vene ed \u00e8 in quel momento che ho capito che sarebbe diventato il lavoro della mia vita. Oggi ho 22 anni e dopo diversi anni di esperienza nel settore posso dire che ci\u00f2 che pi\u00f9 adoro del fare capelli \u00e8 l\u2019area tecnica.<br \/><strong>Essere Parrucchiera, per me, \u00e8 come un\u2019arte.<\/strong><br \/><strong>Mi permette di rendere le persone pi\u00f9 felici e di vedere, nei loro sorrisi alla fine del servizio, il loro entusiasmo nello sfoggiare la chioma che hanno sempre desiderato.<\/strong><br \/>Come un pittore su una tela bianca, grazie ai colori posso esprimere al meglio le mie emozioni e realizzare il look perfetto in base alle tue esigenze.<\/p>\n<p>&nbsp;<\/p>\n<p>[\/et_pb_text][\/et_pb_column][\/et_pb_row][et_pb_row _builder_version=&#8221;4.4.3&#8243; global_colors_info=&#8221;{}&#8221;][et_pb_column type=&#8221;4_4&#8243; _builder_version=&#8221;4.4.3&#8243; global_colors_info=&#8221;{}&#8221;][et_pb_cta button_url=&#8221;tel:0119716157&#8243; button_text=&#8221;CHIAMA ORA&#8221; _builder_version=&#8221;4.10.6&#8243; use_background_color=&#8221;off&#8221; custom_button=&#8221;on&#8221; button_bg_color=&#8221;#c5bab5&#8243; button_border_width=&#8221;0px&#8221; button_border_color=&#8221;#ffffff&#8221; button_border_radius=&#8221;10px&#8221; button_letter_spacing=&#8221;1.5px&#8221; button_icon=&#8221;%%264%%&#8221; button_alignment=&#8221;left&#8221; button_alignment_tablet=&#8221;&#8221; button_alignment_phone=&#8221;center&#8221; button_alignment_last_edited=&#8221;on|desktop&#8221; global_module=&#8221;445&#8243; saved_tabs=&#8221;all&#8221; global_colors_info=&#8221;{}&#8221;][\/et_pb_cta][\/et_pb_column][\/et_pb_row][\/et_pb_section][et_pb_section fb_built=&#8221;1&#8243; prev_background_color=&#8221;#FFFFFF&#8221; _builder_version=&#8221;4.10.6&#8243; background_image=&#8221;https:\/\/ego-acconciature-relax.com\/wp-content\/uploads\/2025\/01\/chisiamo2.jpg&#8221; parallax=&#8221;on&#8221; min_height=&#8221;500px&#8221; min_height_tablet=&#8221;&#8221; min_height_phone=&#8221;300px&#8221; min_height_last_edited=&#8221;on|phone&#8221; top_divider_style=&#8221;wave&#8221; top_divider_height=&#8221;50px&#8221; hover_enabled=&#8221;0&#8243; background_last_edited=&#8221;on|phone&#8221; background_image_phone=&#8221;https:\/\/ego-acconciature-relax.com\/wp-content\/uploads\/2025\/01\/chisiamo2.jpg&#8221; background_enable_image_phone=&#8221;on&#8221; locked=&#8221;off&#8221; global_colors_info=&#8221;{}&#8221; sticky_enabled=&#8221;0&#8243; title_text=&#8221;chisiamo2&#8243;][\/et_pb_section]<\/p>\n","protected":false},"excerpt":{"rendered":"<p>Sofia Mi chiamo Sofia Passarello, e da 10 anni mi impegno a rendere felici le donne e ora vi racconter\u00f2 com\u2019\u00e8 nato il mio sogno.Fin da piccola ho sempre provato attrazione per i capelli, i suoi colori e le sue forme. Nel corso degli anni ci\u00f2 che mi ha fatto credere di essere nata per [&hellip;]<\/p>\n","protected":false},"author":1,"featured_media":0,"parent":0,"menu_order":0,"comment_status":"closed","ping_status":"closed","template":"","meta":{"_et_pb_use_builder":"on","_et_pb_old_content":"<!-- wp:divi\/placeholder \/-->","_et_gb_content_width":""},"yoast_head":"<!-- This site is optimized with the Yoast SEO plugin v14.3 - https:\/\/yoast.com\/wordpress\/plugins\/seo\/ -->\n<title>Servizio Team - Ego Acconciature e Relax Carmagnola (TO)<\/title>\n<meta name=\"description\" content=\"Cut &amp; Color \u00e8 l&#039;interpretazione del servizio taglio di Ego: valorizziamo i riflessi e i contrasti del colore attraverso i volumi che diamo ai vostri tagli.\" \/>\n<meta name=\"robots\" content=\"index, follow\" \/>\n<meta name=\"googlebot\" content=\"index, follow, max-snippet:-1, max-image-preview:large, max-video-preview:-1\" \/>\n<meta name=\"bingbot\" content=\"index, follow, max-snippet:-1, max-image-preview:large, max-video-preview:-1\" \/>\n<link rel=\"canonical\" href=\"https:\/\/ego-acconciature-relax.com\/index.php\/team\/\" \/>\n<meta property=\"og:locale\" content=\"it_IT\" \/>\n<meta property=\"og:type\" content=\"article\" \/>\n<meta property=\"og:title\" content=\"Servizio Team - Ego Acconciature e Relax Carmagnola (TO)\" \/>\n<meta property=\"og:description\" content=\"Cut &amp; Color \u00e8 l&#039;interpretazione del servizio taglio di Ego: valorizziamo i riflessi e i contrasti del colore attraverso i volumi che diamo ai vostri tagli.\" \/>\n<meta property=\"og:url\" content=\"https:\/\/ego-acconciature-relax.com\/index.php\/team\/\" \/>\n<meta property=\"og:site_name\" content=\"Ego Acconciature e Relax\" \/>\n<meta property=\"article:publisher\" content=\"https:\/\/www.facebook.com\/EgoAcconciatureRelax\/\" \/>\n<meta property=\"article:modified_time\" content=\"2025-01-30T17:01:11+00:00\" \/>\n<meta property=\"og:image\" content=\"https:\/\/ego-acconciature-relax.com\/wp-content\/uploads\/2020\/04\/Logo_Ego_sito_esteso.png\" \/>\n\t<meta property=\"og:image:width\" content=\"140\" \/>\n\t<meta property=\"og:image:height\" content=\"65\" \/>\n<meta name=\"twitter:card\" content=\"summary_large_image\" \/>\n<script type=\"application\/ld+json\" class=\"yoast-schema-graph\">{\"@context\":\"https:\/\/schema.org\",\"@graph\":[{\"@type\":\"Organization\",\"@id\":\"https:\/\/ego-acconciature-relax.com\/#organization\",\"name\":\"Ego Acconciature e Relax\",\"url\":\"https:\/\/ego-acconciature-relax.com\/\",\"sameAs\":[\"https:\/\/www.facebook.com\/EgoAcconciatureRelax\/\",\"https:\/\/www.instagram.com\/ego.acconciature.relax\/\",\"https:\/\/www.youtube.com\/channel\/UCNcQd1HD0UK59EyfZuTbk3Q\"],\"logo\":{\"@type\":\"ImageObject\",\"@id\":\"https:\/\/ego-acconciature-relax.com\/#logo\",\"inLanguage\":\"it-IT\",\"url\":\"https:\/\/ego-acconciature-relax.com\/wp-content\/uploads\/2020\/04\/Logo_Ego_sito_esteso.png\",\"width\":140,\"height\":65,\"caption\":\"Ego Acconciature e Relax\"},\"image\":{\"@id\":\"https:\/\/ego-acconciature-relax.com\/#logo\"}},{\"@type\":\"WebSite\",\"@id\":\"https:\/\/ego-acconciature-relax.com\/#website\",\"url\":\"https:\/\/ego-acconciature-relax.com\/\",\"name\":\"Ego Acconciature e Relax\",\"description\":\"\",\"publisher\":{\"@id\":\"https:\/\/ego-acconciature-relax.com\/#organization\"},\"potentialAction\":[{\"@type\":\"SearchAction\",\"target\":\"https:\/\/ego-acconciature-relax.com\/?s={search_term_string}\",\"query-input\":\"required name=search_term_string\"}],\"inLanguage\":\"it-IT\"},{\"@type\":\"WebPage\",\"@id\":\"https:\/\/ego-acconciature-relax.com\/index.php\/team\/#webpage\",\"url\":\"https:\/\/ego-acconciature-relax.com\/index.php\/team\/\",\"name\":\"Servizio Team - Ego Acconciature e Relax Carmagnola (TO)\",\"isPartOf\":{\"@id\":\"https:\/\/ego-acconciature-relax.com\/#website\"},\"datePublished\":\"2023-05-26T14:21:04+00:00\",\"dateModified\":\"2025-01-30T17:01:11+00:00\",\"description\":\"Cut & Color \\u00e8 l'interpretazione del servizio taglio di Ego: valorizziamo i riflessi e i contrasti del colore attraverso i volumi che diamo ai vostri tagli.\",\"inLanguage\":\"it-IT\",\"potentialAction\":[{\"@type\":\"ReadAction\",\"target\":[\"https:\/\/ego-acconciature-relax.com\/index.php\/team\/\"]}]}]}<\/script>\n<!-- \/ Yoast SEO plugin. -->","_links":{"self":[{"href":"https:\/\/ego-acconciature-relax.com\/index.php\/wp-json\/wp\/v2\/pages\/729"}],"collection":[{"href":"https:\/\/ego-acconciature-relax.com\/index.php\/wp-json\/wp\/v2\/pages"}],"about":[{"href":"https:\/\/ego-acconciature-relax.com\/index.php\/wp-json\/wp\/v2\/types\/page"}],"author":[{"embeddable":true,"href":"https:\/\/ego-acconciature-relax.com\/index.php\/wp-json\/wp\/v2\/users\/1"}],"replies":[{"embeddable":true,"href":"https:\/\/ego-acconciature-relax.com\/index.php\/wp-json\/wp\/v2\/comments?post=729"}],"version-history":[{"count":17,"href":"https:\/\/ego-acconciature-relax.com\/index.php\/wp-json\/wp\/v2\/pages\/729\/revisions"}],"predecessor-version":[{"id":944,"href":"https:\/\/ego-acconciature-relax.com\/index.php\/wp-json\/wp\/v2\/pages\/729\/revisions\/944"}],"wp:attachment":[{"href":"https:\/\/ego-acconciature-relax.com\/index.php\/wp-json\/wp\/v2\/media?parent=729"}],"curies":[{"name":"wp","href":"https:\/\/api.w.org\/{rel}","templated":true}]}}